{"id":201,"date":"2013-06-21T10:07:02","date_gmt":"2013-06-21T07:07:02","guid":{"rendered":"http:\/\/www.kokkolanvetouistelijat.com\/wordpress\/?page_id=201"},"modified":"2022-04-26T23:14:07","modified_gmt":"2022-04-26T20:14:07","slug":"saalispaivakirja","status":"publish","type":"page","link":"https:\/\/www.kokkolanvetouistelijat.com\/wordpress\/?page_id=201","title":{"rendered":"Saalisp\u00e4iv\u00e4kirja"},"content":{"rendered":"\n<p>Saalisp\u00e4iv\u00e4kirja toimii kaudesta 2022 l\u00e4htien instagramissa @kokkolanvetouistelijat. Ota seurantaan :)<\/p>\n\n\n\n<!-- iframe plugin v.5.2 wordpress.org\/plugins\/iframe\/ -->\n<iframe loading=\"lazy\" src=\"http:\/\/stuff.polso.info\/saalispaivakirja\/index.php\" width=\"100%\" height=\"1000px\" scrolling=\"yes\" class=\"iframe-class\" frameborder=\"0\"><\/iframe>\n","protected":false},"excerpt":{"rendered":"<p>Saalisp\u00e4iv\u00e4kirja toimii kaudesta 2022 l\u00e4htien instagramissa @kokkolanvetouistelijat. Ota seurantaan :)<\/p>\n","protected":false},"author":5,"featured_media":0,"parent":0,"menu_order":0,"comment_status":"closed","ping_status":"closed","template":"sidebar-page.php","meta":{"footnotes":""},"class_list":["post-201","page","type-page","status-publish","hentry"],"_links":{"self":[{"href":"https:\/\/www.kokkolanvetouistelijat.com\/wordpress\/index.php?rest_route=\/wp\/v2\/pages\/201","targetHints":{"allow":["GET"]}}],"collection":[{"href":"https:\/\/www.kokkolanvetouistelijat.com\/wordpress\/index.php?rest_route=\/wp\/v2\/pages"}],"about":[{"href":"https:\/\/www.kokkolanvetouistelijat.com\/wordpress\/index.php?rest_route=\/wp\/v2\/types\/page"}],"author":[{"embeddable":true,"href":"https:\/\/www.kokkolanvetouistelijat.com\/wordpress\/index.php?rest_route=\/wp\/v2\/users\/5"}],"replies":[{"embeddable":true,"href":"https:\/\/www.kokkolanvetouistelijat.com\/wordpress\/index.php?rest_route=%2Fwp%2Fv2%2Fcomments&post=201"}],"version-history":[{"count":13,"href":"https:\/\/www.kokkolanvetouistelijat.com\/wordpress\/index.php?rest_route=\/wp\/v2\/pages\/201\/revisions"}],"predecessor-version":[{"id":1301,"href":"https:\/\/www.kokkolanvetouistelijat.com\/wordpress\/index.php?rest_route=\/wp\/v2\/pages\/201\/revisions\/1301"}],"wp:attachment":[{"href":"https:\/\/www.kokkolanvetouistelijat.com\/wordpress\/index.php?rest_route=%2Fwp%2Fv2%2Fmedia&parent=201"}],"curies":[{"name":"wp","href":"https:\/\/api.w.org\/{rel}","templated":true}]}}