{"id":2,"date":"2012-04-08T13:26:59","date_gmt":"2012-04-08T13:26:59","guid":{"rendered":"http:\/\/www.kokkolanvetouistelijat.com\/wordpress\/?page_id=2"},"modified":"2026-03-21T10:41:02","modified_gmt":"2026-03-21T08:41:02","slug":"esimerkkisivu","status":"publish","type":"page","link":"https:\/\/www.kokkolanvetouistelijat.com\/wordpress\/","title":{"rendered":"Gold Salmon Cup 2026"},"content":{"rendered":"\n<p><br>Gold Salmon Cup kisataan vuonna 2026 kolmen kilpailun cuppina. Cup muodostuu kahdesta lohkilpailusta ja yhdest\u00e4 taimenkilpailusta. Kaikki kilpailut ovat yhteisl\u00e4ht\u00f6kilpailuita. Mittalautakilpailuista pidet\u00e4\u00e4n taukoa, mutta ne palaavat mahdollisesti kalenteriin tulevina vuosina. Kilpailujen palkinnot ja nimet p\u00e4ivittyv\u00e4t kev\u00e4\u00e4n aikana.<\/p>\n\n\n\n<p>Vuoden 2026 kilpailuissa kisakeskuksena toimii Potin venesatama Ykspihlajassa. Kilpailujen aikana on mahdollista j\u00e4tt\u00e4\u00e4 vene venekerhon laituriin hintaan 10 \u20ac\/y\u00f6. Auton ja trailerin voi my\u00f6s j\u00e4tt\u00e4\u00e4 y\u00f6ksi vartioidulle alueelle hintaan 10 \u20ac\/y\u00f6. N\u00e4m\u00e4 palvelut on varattava etuk\u00e4teen Kokkolan venekerhon satamakapteenilta Sami Porrassalmelta, p. 050 599 1025, kiitos.<\/p>\n\n\n\n<p>Ei veneess\u00e4 y\u00f6pyville KVU suosittelee Kokkolan venekerhon matkaparkkia tai Ykspihlajan asukasyhdistyksen matkustajakotia, jotka sijaitsevat aivan satamassa:<\/p>\n\n\n\n<ul class=\"wp-block-list\">\n<li><a href=\"https:\/\/www.kokkolanvenekerho.fi\/matkaparkki\/\">Kokkolan venekerho \u2013 matkaparkki<\/a><\/li>\n\n\n\n<li><a href=\"https:\/\/www.ykspihlaja.fi\/\">Ykspihlaja<\/a><\/li>\n<\/ul>\n\n\n\n<p>Tervetuloa uistelemaan niin uudet kuin vanhatkin kisak\u00e4vij\u00e4t! Jos jokin askarruttaa, lis\u00e4tietoja saa soittamalla.<\/p>\n\n\n\n<p>Terveisin,<br>Jussi Keski-Vinkka, 040 509 6197<\/p>\n\n\n<div class=\"wp-block-image\">\n<figure class=\"aligncenter size-full\"><img loading=\"lazy\" decoding=\"async\" width=\"929\" height=\"189\" src=\"https:\/\/www.kokkolanvetouistelijat.com\/wordpress\/wp-content\/uploads\/2026\/03\/Kokkolan-vetouistelijat-ja-cup-logo.jpg\" alt=\"\" class=\"wp-image-1847\" srcset=\"https:\/\/www.kokkolanvetouistelijat.com\/wordpress\/wp-content\/uploads\/2026\/03\/Kokkolan-vetouistelijat-ja-cup-logo.jpg 929w, https:\/\/www.kokkolanvetouistelijat.com\/wordpress\/wp-content\/uploads\/2026\/03\/Kokkolan-vetouistelijat-ja-cup-logo-300x61.jpg 300w, https:\/\/www.kokkolanvetouistelijat.com\/wordpress\/wp-content\/uploads\/2026\/03\/Kokkolan-vetouistelijat-ja-cup-logo-768x156.jpg 768w\" sizes=\"auto, (max-width: 709px) 85vw, (max-width: 909px) 67vw, (max-width: 1362px) 62vw, 840px\" \/><\/figure><\/div>\n\n<div class=\"wp-block-image\">\n<figure class=\"aligncenter size-full is-resized\"><img loading=\"lazy\" decoding=\"async\" width=\"535\" height=\"125\" src=\"https:\/\/www.kokkolanvetouistelijat.com\/wordpress\/wp-content\/uploads\/2026\/03\/laitehuolto-logo.jpg\" alt=\"\" class=\"wp-image-1851\" style=\"width:535px;height:auto\" srcset=\"https:\/\/www.kokkolanvetouistelijat.com\/wordpress\/wp-content\/uploads\/2026\/03\/laitehuolto-logo.jpg 535w, https:\/\/www.kokkolanvetouistelijat.com\/wordpress\/wp-content\/uploads\/2026\/03\/laitehuolto-logo-300x70.jpg 300w\" sizes=\"auto, (max-width: 535px) 85vw, 535px\" \/><\/figure><\/div>\n\n<div class=\"wp-block-image\">\n<figure class=\"aligncenter size-full\"><img loading=\"lazy\" decoding=\"async\" width=\"677\" height=\"141\" src=\"https:\/\/www.kokkolanvetouistelijat.com\/wordpress\/wp-content\/uploads\/2026\/03\/Kokkolan-Teollisuuspinnoitus-logo.jpg\" alt=\"\" class=\"wp-image-1856\" srcset=\"https:\/\/www.kokkolanvetouistelijat.com\/wordpress\/wp-content\/uploads\/2026\/03\/Kokkolan-Teollisuuspinnoitus-logo.jpg 677w, https:\/\/www.kokkolanvetouistelijat.com\/wordpress\/wp-content\/uploads\/2026\/03\/Kokkolan-Teollisuuspinnoitus-logo-300x62.jpg 300w\" sizes=\"auto, (max-width: 677px) 85vw, 677px\" \/><\/figure><\/div>\n\n<div class=\"wp-block-image\">\n<figure class=\"aligncenter size-full\"><img loading=\"lazy\" decoding=\"async\" width=\"948\" height=\"212\" src=\"https:\/\/www.kokkolanvetouistelijat.com\/wordpress\/wp-content\/uploads\/2026\/03\/Lowrance-logo.jpg\" alt=\"\" class=\"wp-image-1858\" srcset=\"https:\/\/www.kokkolanvetouistelijat.com\/wordpress\/wp-content\/uploads\/2026\/03\/Lowrance-logo.jpg 948w, https:\/\/www.kokkolanvetouistelijat.com\/wordpress\/wp-content\/uploads\/2026\/03\/Lowrance-logo-300x67.jpg 300w, https:\/\/www.kokkolanvetouistelijat.com\/wordpress\/wp-content\/uploads\/2026\/03\/Lowrance-logo-768x172.jpg 768w\" sizes=\"auto, (max-width: 709px) 85vw, (max-width: 909px) 67vw, (max-width: 1362px) 62vw, 840px\" \/><\/figure><\/div>\n\n<div class=\"wp-block-image\">\n<figure class=\"aligncenter size-full\"><img loading=\"lazy\" decoding=\"async\" width=\"565\" height=\"117\" src=\"https:\/\/www.kokkolanvetouistelijat.com\/wordpress\/wp-content\/uploads\/2026\/03\/Akku-Teho-logo.jpg\" alt=\"\" class=\"wp-image-1853\" srcset=\"https:\/\/www.kokkolanvetouistelijat.com\/wordpress\/wp-content\/uploads\/2026\/03\/Akku-Teho-logo.jpg 565w, https:\/\/www.kokkolanvetouistelijat.com\/wordpress\/wp-content\/uploads\/2026\/03\/Akku-Teho-logo-300x62.jpg 300w\" sizes=\"auto, (max-width: 565px) 85vw, 565px\" \/><\/figure><\/div>\n\n<div class=\"wp-block-image\">\n<figure class=\"aligncenter size-full\"><img loading=\"lazy\" decoding=\"async\" width=\"905\" height=\"164\" src=\"https:\/\/www.kokkolanvetouistelijat.com\/wordpress\/wp-content\/uploads\/2026\/03\/Tuontitukku-logo.jpg\" alt=\"\" class=\"wp-image-1854\" srcset=\"https:\/\/www.kokkolanvetouistelijat.com\/wordpress\/wp-content\/uploads\/2026\/03\/Tuontitukku-logo.jpg 905w, https:\/\/www.kokkolanvetouistelijat.com\/wordpress\/wp-content\/uploads\/2026\/03\/Tuontitukku-logo-300x54.jpg 300w, https:\/\/www.kokkolanvetouistelijat.com\/wordpress\/wp-content\/uploads\/2026\/03\/Tuontitukku-logo-768x139.jpg 768w\" sizes=\"auto, (max-width: 709px) 85vw, (max-width: 909px) 67vw, (max-width: 1362px) 62vw, 840px\" \/><\/figure><\/div>","protected":false},"excerpt":{"rendered":"<p>Gold Salmon Cup kisataan vuonna 2026 kolmen kilpailun cuppina. Cup muodostuu kahdesta lohkilpailusta ja yhdest\u00e4 taimenkilpailusta. Kaikki kilpailut ovat yhteisl\u00e4ht\u00f6kilpailuita. Mittalautakilpailuista pidet\u00e4\u00e4n taukoa, mutta ne palaavat mahdollisesti kalenteriin tulevina vuosina. Kilpailujen palkinnot ja nimet p\u00e4ivittyv\u00e4t kev\u00e4\u00e4n aikana. Vuoden 2026 kilpailuissa kisakeskuksena toimii Potin venesatama Ykspihlajassa. Kilpailujen aikana on mahdollista j\u00e4tt\u00e4\u00e4 vene venekerhon laituriin hintaan 10 &hellip; <a href=\"https:\/\/www.kokkolanvetouistelijat.com\/wordpress\/\" class=\"more-link\">Jatka lukemista<span class=\"screen-reader-text\"> &#8221;Gold Salmon Cup 2026&#8221;<\/span><\/a><\/p>\n","protected":false},"author":7,"featured_media":0,"parent":0,"menu_order":0,"comment_status":"closed","ping_status":"open","template":"","meta":{"footnotes":""},"class_list":["post-2","page","type-page","status-publish","hentry"],"_links":{"self":[{"href":"https:\/\/www.kokkolanvetouistelijat.com\/wordpress\/index.php?rest_route=\/wp\/v2\/pages\/2","targetHints":{"allow":["GET"]}}],"collection":[{"href":"https:\/\/www.kokkolanvetouistelijat.com\/wordpress\/index.php?rest_route=\/wp\/v2\/pages"}],"about":[{"href":"https:\/\/www.kokkolanvetouistelijat.com\/wordpress\/index.php?rest_route=\/wp\/v2\/types\/page"}],"author":[{"embeddable":true,"href":"https:\/\/www.kokkolanvetouistelijat.com\/wordpress\/index.php?rest_route=\/wp\/v2\/users\/7"}],"replies":[{"embeddable":true,"href":"https:\/\/www.kokkolanvetouistelijat.com\/wordpress\/index.php?rest_route=%2Fwp%2Fv2%2Fcomments&post=2"}],"version-history":[{"count":48,"href":"https:\/\/www.kokkolanvetouistelijat.com\/wordpress\/index.php?rest_route=\/wp\/v2\/pages\/2\/revisions"}],"predecessor-version":[{"id":1859,"href":"https:\/\/www.kokkolanvetouistelijat.com\/wordpress\/index.php?rest_route=\/wp\/v2\/pages\/2\/revisions\/1859"}],"wp:attachment":[{"href":"https:\/\/www.kokkolanvetouistelijat.com\/wordpress\/index.php?rest_route=%2Fwp%2Fv2%2Fmedia&parent=2"}],"curies":[{"name":"wp","href":"https:\/\/api.w.org\/{rel}","templated":true}]}}